{"id":9,"date":"2026-04-09T11:56:18","date_gmt":"2026-04-09T14:56:18","guid":{"rendered":"https:\/\/maximusambiental.com.br\/?page_id=9"},"modified":"2026-04-09T12:14:57","modified_gmt":"2026-04-09T15:14:57","slug":"maximus-servicos","status":"publish","type":"page","link":"http:\/\/maximusambiental.com.br\/","title":{"rendered":"Maximus Servi\u00e7os"},"content":{"rendered":"\t\t<div data-elementor-type=\"wp-page\" data-elementor-id=\"9\" class=\"elementor elementor-9\">\n\t\t\t\t<div class=\"elementor-element elementor-element-8926eb5 e-flex e-con-boxed e-con e-parent\" data-id=\"8926eb5\" data-element_type=\"container\" data-e-type=\"container\">\n\t\t\t\t\t<div class=\"e-con-inner\">\n\t\t<div class=\"elementor-element elementor-element-11bb1cf e-con-full e-flex e-con e-child\" data-id=\"11bb1cf\" data-element_type=\"container\" data-e-type=\"container\">\n\t\t\t\t<\/div>\n\t\t<div class=\"elementor-element elementor-element-7fd8e00 e-con-full e-flex e-con e-child\" data-id=\"7fd8e00\" data-element_type=\"container\" data-e-type=\"container\">\n\t\t\t\t<div class=\"elementor-element elementor-element-d89536f elementor-widget elementor-widget-image\" data-id=\"d89536f\" data-element_type=\"widget\" data-e-type=\"widget\" data-widget_type=\"image.default\">\n\t\t\t\t\t\t\t\t\t\t\t\t\t\t\t<img fetchpriority=\"high\" decoding=\"async\" width=\"425\" height=\"165\" src=\"https:\/\/maximusambiental.com.br\/wp-content\/uploads\/2026\/04\/logomarcamaximus.jpg\" class=\"attachment-large size-large wp-image-12\" alt=\"\" srcset=\"https:\/\/maximusambiental.com.br\/wp-content\/uploads\/2026\/04\/logomarcamaximus.jpg 425w, https:\/\/maximusambiental.com.br\/wp-content\/uploads\/2026\/04\/logomarcamaximus-300x116.jpg 300w\" sizes=\"(max-width: 425px) 100vw, 425px\" \/>\t\t\t\t\t\t\t\t\t\t\t\t\t\t\t<\/div>\n\t\t\t\t<\/div>\n\t\t<div class=\"elementor-element elementor-element-15b976b e-con-full e-flex e-con e-child\" data-id=\"15b976b\" data-element_type=\"container\" data-e-type=\"container\">\n\t\t\t\t<\/div>\n\t\t\t\t\t<\/div>\n\t\t\t\t<\/div>\n\t\t<div class=\"elementor-element elementor-element-3f2fb6e e-flex e-con-boxed e-con e-parent\" data-id=\"3f2fb6e\" data-element_type=\"container\" data-e-type=\"container\" data-settings=\"{&quot;background_background&quot;:&quot;classic&quot;}\">\n\t\t\t\t\t<div class=\"e-con-inner\">\n\t\t\t\t<div class=\"elementor-element elementor-element-572e32a elementor-widget elementor-widget-video\" data-id=\"572e32a\" data-element_type=\"widget\" data-e-type=\"widget\" data-settings=\"{&quot;video_type&quot;:&quot;hosted&quot;,&quot;autoplay&quot;:&quot;yes&quot;,&quot;play_on_mobile&quot;:&quot;yes&quot;,&quot;mute&quot;:&quot;yes&quot;,&quot;loop&quot;:&quot;yes&quot;,&quot;controls&quot;:&quot;yes&quot;}\" data-widget_type=\"video.default\">\n\t\t\t\t\t\t\t<div class=\"e-hosted-video elementor-wrapper elementor-open-inline\">\n\t\t\t\t\t<video class=\"elementor-video\" src=\"http:\/\/maximusambiental.com.br\/wp-content\/uploads\/2026\/04\/Bem-vindo-a-Maximus-4.mp4\" autoplay=\"\" loop=\"\" controls=\"\" muted=\"muted\" playsinline=\"\"><\/video>\n\t\t\t\t<\/div>\n\t\t\t\t\t\t<\/div>\n\t\t\t\t\t<\/div>\n\t\t\t\t<\/div>\n\t\t<div class=\"elementor-element elementor-element-777f0bd e-flex e-con-boxed e-con e-parent\" data-id=\"777f0bd\" data-element_type=\"container\" data-e-type=\"container\">\n\t\t\t\t\t<div class=\"e-con-inner\">\n\t\t<div class=\"elementor-element elementor-element-8ba01d7 e-con-full e-flex e-con e-child\" data-id=\"8ba01d7\" data-element_type=\"container\" data-e-type=\"container\">\n\t\t\t\t<div class=\"elementor-element elementor-element-12d1daf elementor-widget elementor-widget-text-editor\" data-id=\"12d1daf\" data-element_type=\"widget\" data-e-type=\"widget\" data-widget_type=\"text-editor.default\">\n\t\t\t\t\t\t\t\t\t<p data-start=\"166\" data-end=\"287\"><strong data-start=\"166\" data-end=\"200\">MAXIMUS SERVI\u00c7OS TERCEIRIZADOS<\/strong><br data-start=\"200\" data-end=\"203\" \/><strong data-start=\"203\" data-end=\"287\">Efici\u00eancia, Seguran\u00e7a e Excel\u00eancia Operacional para Empresas que Exigem o Melhor<\/strong><\/p><p data-start=\"289\" data-end=\"540\">Com atua\u00e7\u00e3o estrat\u00e9gica no mercado de terceiriza\u00e7\u00e3o, a <strong data-start=\"344\" data-end=\"378\">Maximus Servi\u00e7os Terceirizados<\/strong> se destaca como uma empresa s\u00f3lida, confi\u00e1vel e orientada a resultados, oferecendo solu\u00e7\u00f5es completas para empresas, ind\u00fastrias, condom\u00ednios e grandes opera\u00e7\u00f5es.<\/p><p>\u00a0<\/p><p data-start=\"542\" data-end=\"761\">Nosso compromisso vai al\u00e9m da presta\u00e7\u00e3o de servi\u00e7os. Atuamos como parceiros estrat\u00e9gicos dos nossos clientes, entregando efici\u00eancia operacional, redu\u00e7\u00e3o de custos e padroniza\u00e7\u00e3o de processos com alto n\u00edvel de qualidade.<\/p>\t\t\t\t\t\t\t\t<\/div>\n\t\t\t\t<\/div>\n\t\t<div class=\"elementor-element elementor-element-147957f e-con-full e-flex e-con e-child\" data-id=\"147957f\" data-element_type=\"container\" data-e-type=\"container\">\n\t\t\t\t<div class=\"elementor-element elementor-element-79f3f0d elementor-align-justify elementor-widget elementor-widget-button\" data-id=\"79f3f0d\" data-element_type=\"widget\" data-e-type=\"widget\" data-widget_type=\"button.default\">\n\t\t\t\t\t\t\t\t\t\t<a class=\"elementor-button elementor-button-link elementor-size-sm\" href=\"#\">\n\t\t\t\t\t\t<span class=\"elementor-button-content-wrapper\">\n\t\t\t\t\t\t\t\t\t<span class=\"elementor-button-text\">Sobre N\u00f3s<\/span>\n\t\t\t\t\t<\/span>\n\t\t\t\t\t<\/a>\n\t\t\t\t\t\t\t\t<\/div>\n\t\t\t\t<div class=\"elementor-element elementor-element-e426f57 elementor-align-justify elementor-widget elementor-widget-button\" data-id=\"e426f57\" data-element_type=\"widget\" data-e-type=\"widget\" data-widget_type=\"button.default\">\n\t\t\t\t\t\t\t\t\t\t<a class=\"elementor-button elementor-button-link elementor-size-sm\" href=\"#\">\n\t\t\t\t\t\t<span class=\"elementor-button-content-wrapper\">\n\t\t\t\t\t\t\t\t\t<span class=\"elementor-button-text\">Nossos Servi\u00e7os<\/span>\n\t\t\t\t\t<\/span>\n\t\t\t\t\t<\/a>\n\t\t\t\t\t\t\t\t<\/div>\n\t\t\t\t<div class=\"elementor-element elementor-element-ec5740c elementor-align-justify elementor-widget elementor-widget-button\" data-id=\"ec5740c\" data-element_type=\"widget\" data-e-type=\"widget\" data-widget_type=\"button.default\">\n\t\t\t\t\t\t\t\t\t\t<a class=\"elementor-button elementor-button-link elementor-size-sm\" href=\"#\">\n\t\t\t\t\t\t<span class=\"elementor-button-content-wrapper\">\n\t\t\t\t\t\t\t\t\t<span class=\"elementor-button-text\">Diferenciais<\/span>\n\t\t\t\t\t<\/span>\n\t\t\t\t\t<\/a>\n\t\t\t\t\t\t\t\t<\/div>\n\t\t\t\t<div class=\"elementor-element elementor-element-b6de8c7 elementor-align-justify elementor-widget elementor-widget-button\" data-id=\"b6de8c7\" data-element_type=\"widget\" data-e-type=\"widget\" data-widget_type=\"button.default\">\n\t\t\t\t\t\t\t\t\t\t<a class=\"elementor-button elementor-button-link elementor-size-sm\" href=\"#\">\n\t\t\t\t\t\t<span class=\"elementor-button-content-wrapper\">\n\t\t\t\t\t\t\t\t\t<span class=\"elementor-button-text\">Miss\u00e3o | Vis\u00e3o | Valores<\/span>\n\t\t\t\t\t<\/span>\n\t\t\t\t\t<\/a>\n\t\t\t\t\t\t\t\t<\/div>\n\t\t\t\t<div class=\"elementor-element elementor-element-fc75192 elementor-align-justify elementor-widget elementor-widget-button\" data-id=\"fc75192\" data-element_type=\"widget\" data-e-type=\"widget\" data-widget_type=\"button.default\">\n\t\t\t\t\t\t\t\t\t\t<a class=\"elementor-button elementor-button-link elementor-size-sm\" href=\"#\">\n\t\t\t\t\t\t<span class=\"elementor-button-content-wrapper\">\n\t\t\t\t\t\t\t\t\t<span class=\"elementor-button-text\">Fale com a Maximus<\/span>\n\t\t\t\t\t<\/span>\n\t\t\t\t\t<\/a>\n\t\t\t\t\t\t\t\t<\/div>\n\t\t\t\t<\/div>\n\t\t\t\t\t<\/div>\n\t\t\t\t<\/div>\n\t\t<div class=\"elementor-element elementor-element-17fbae1 e-flex e-con-boxed e-con e-parent\" data-id=\"17fbae1\" data-element_type=\"container\" data-e-type=\"container\">\n\t\t\t\t\t<div class=\"e-con-inner\">\n\t\t\t\t\t\t\t\n\t\t<img class=\"e-image-base e-c61e957-34f90cd\" \n\t\t\t\t\tdata-interaction-id=\"c61e957\" \n\t\t \n\t\t \n\t\t\t\t\t\t\t\t\tid=\"22\"\n\t\t\t\t\t\t\t\t\t\t\t\tsrc=\"http:\/\/maximusambiental.com.br\/wp-content\/uploads\/2026\/04\/maximus.jpg\"\n\t\t\t\t\t\t\t\t\t\t\t\twidth=\"915\"\n\t\t\t\t\t\t\t\t\t\t\t\theight=\"580\"\n\t\t\t\t\t\t\t\t\t\t\t\tsrcset=\"http:\/\/maximusambiental.com.br\/wp-content\/uploads\/2026\/04\/maximus.jpg 915w, http:\/\/maximusambiental.com.br\/wp-content\/uploads\/2026\/04\/maximus-300x190.jpg 300w, http:\/\/maximusambiental.com.br\/wp-content\/uploads\/2026\/04\/maximus-768x487.jpg 768w\"\n\t\t\t\t\t\t\t\t\t\t\t\talt=\"\"\n\t\t\t\t\t\t\/>\n\t\t\t\t\t\t<\/div>\n\t\t\t\t<\/div>\n\t\t\t\t<\/div>\n\t\t","protected":false},"excerpt":{"rendered":"<p>http:\/\/maximusambiental.com.br\/wp-content\/uploads\/2026\/04\/Bem-vindo-a-Maximus-4.mp4 MAXIMUS SERVI\u00c7OS TERCEIRIZADOSEfici\u00eancia, Seguran\u00e7a e Excel\u00eancia Operacional para Empresas que Exigem o Melhor Com atua\u00e7\u00e3o estrat\u00e9gica no mercado de terceiriza\u00e7\u00e3o, a Maximus Servi\u00e7os Terceirizados se destaca como uma empresa s\u00f3lida, confi\u00e1vel e orientada a resultados, oferecendo solu\u00e7\u00f5es completas para empresas, ind\u00fastrias, condom\u00ednios e grandes opera\u00e7\u00f5es. \u00a0 Nosso compromisso vai al\u00e9m da presta\u00e7\u00e3o de servi\u00e7os. [&hellip;]<\/p>\n","protected":false},"author":1,"featured_media":0,"parent":0,"menu_order":0,"comment_status":"closed","ping_status":"closed","template":"elementor_canvas","meta":{"footnotes":""},"class_list":["post-9","page","type-page","status-publish","hentry"],"_links":{"self":[{"href":"http:\/\/maximusambiental.com.br\/index.php\/wp-json\/wp\/v2\/pages\/9","targetHints":{"allow":["GET"]}}],"collection":[{"href":"http:\/\/maximusambiental.com.br\/index.php\/wp-json\/wp\/v2\/pages"}],"about":[{"href":"http:\/\/maximusambiental.com.br\/index.php\/wp-json\/wp\/v2\/types\/page"}],"author":[{"embeddable":true,"href":"http:\/\/maximusambiental.com.br\/index.php\/wp-json\/wp\/v2\/users\/1"}],"replies":[{"embeddable":true,"href":"http:\/\/maximusambiental.com.br\/index.php\/wp-json\/wp\/v2\/comments?post=9"}],"version-history":[{"count":25,"href":"http:\/\/maximusambiental.com.br\/index.php\/wp-json\/wp\/v2\/pages\/9\/revisions"}],"predecessor-version":[{"id":42,"href":"http:\/\/maximusambiental.com.br\/index.php\/wp-json\/wp\/v2\/pages\/9\/revisions\/42"}],"wp:attachment":[{"href":"http:\/\/maximusambiental.com.br\/index.php\/wp-json\/wp\/v2\/media?parent=9"}],"curies":[{"name":"wp","href":"https:\/\/api.w.org\/{rel}","templated":true}]}}